{"id":508,"date":"2023-09-19T12:10:51","date_gmt":"2023-09-19T10:10:51","guid":{"rendered":"https:\/\/www.nivura.io\/menzioni-legali\/"},"modified":"2023-10-03T12:18:15","modified_gmt":"2023-10-03T10:18:15","slug":"menzioni-legali","status":"publish","type":"page","link":"https:\/\/www.nivura.io\/it\/menzioni-legali\/","title":{"rendered":"Menzioni legali"},"content":{"rendered":"\n<section class=\"zone-banner-pages\">\n    <div class=\"container\">\n        <div class=\"row\">\n            <div class=\"col-xl-10\">\n                <div class=\"background-banner\">\n                    <div class=\"background-losanges\" data-aos=\"fade\" data-aos-duration=\"1400\" data-aos-easing=\"ease-out\" data-aos-delay=\"200\"><\/div>\n                    <div class=\"row\">\n                        <div class=\"col-12\">\n                            <div class=\"zone-content-banner\">\n                                <div class=\"content-banner\">\n                                    <h1><p>Menzioni legali<\/p>\n<\/h1>\n                                    <div class=\"breadcrumbs\">\n                                        <p id=\"breadcrumbs\"><span><span><a href=\"https:\/\/www.nivura.io\/it\/\">Home<\/a><\/span><\/span><\/p>                                    <\/div>\n                                <\/div>\n                            <\/div>\n                        <\/div>\n                    <\/div>\n                <\/div>\n            <\/div>\n        <\/div>\n    <\/div>\n<\/section>\n\n\n<article class=\"module module-texte-simple contenu-utilisateur\">\n    <div class=\"container\">\n        <div class=\"row justify-content-center\">\n            <div class=\"col-11 col-xl-10\">\n                <p><!-- wp:paragraph --><\/p>\n<p>Le presenti note legali hanno l&#8217;obiettivo di specificare le condizioni generali che si applicano a questo sito accessibile da https:\/\/www.nivura.io\/it\/menzioni-legali<\/p>\n<p>&nbsp;<\/p>\n<p><!-- \/wp:paragraph --> <!-- wp:heading --><\/p>\n<h2 class=\"wp-block-heading\">Proprietario ed editore<\/h2>\n<p><!-- \/wp:heading --> <!-- wp:paragraph --><\/p>\n<p>Nivura SARL<br \/>\nco Talaria, 7 rue de l\u2019Industrie, 98000 Monaco<br \/>\nN\u00b0 RCI : <a href=\"http:\/\/web.archive.org\/web\/20230323051526\/https:\/\/www.rci.gouv.mc\/rc\/ficheSGratuit.jsp?rc=22S09108\">22S09108<\/a><br \/>\nNumero di partita IVA comunitaria : FR28 000 162 254<\/p>\n<p><!-- \/wp:paragraph --> <!-- wp:paragraph --><\/p>\n<p><a href=\"https:\/\/www.nivura.io\/nous-contacter\/\">Contattaci<\/a><\/p>\n<p>&nbsp;<\/p>\n<p><!-- \/wp:paragraph --> <!-- wp:heading --><\/p>\n<h2 class=\"wp-block-heading\">Contenuto del sito<\/h2>\n<p><!-- \/wp:heading --> <!-- wp:paragraph --><\/p>\n<p>Questo sito ha lo scopo di fornire agli utenti informazioni relative alle attivit\u00e0 svolte dall&#8217;azienda Nivura. Questo sito non offre n\u00e9 beni n\u00e9 servizi online. In nessun caso i testi pubblicati su questo sito possono essere considerati come prova legale. Sono solo il riflesso dello spirito dell&#8217;autore e costituiscono solo un&#8217;indicazione generale. Sebbene il proprietario del sito si sforzi di assicurare l&#8217;accuratezza e l&#8217;aggiornamento delle informazioni ivi pubblicate &#8211; e si riserva il diritto di correggere in qualsiasi momento e senza preavviso il contenuto &#8211; la legislazione pu\u00f2 evolvere in qualsiasi momento, quindi \u00e8 possibile che il contenuto non sia pi\u00f9 aggiornato rispetto alle nuove disposizioni legali e regolamentari. Spetta quindi a ciascun utente consultare la SARL Nivura o un altro professionista del diritto per beneficiare di uno studio personalizzato. In nessun caso la SARL Nivura potr\u00e0 essere ritenuta responsabile dei danni (diretti o indiretti) causati dall&#8217;uso delle informazioni contenute sul suo sito, contrarie alle presenti disposizioni. \u00c8 vietato qualsiasi utilizzo a scopi commerciali o pubblicitari.<\/p>\n<p>&nbsp;<\/p>\n<p><!-- \/wp:paragraph --> <!-- wp:heading --><\/p>\n<h2 class=\"wp-block-heading\">Diritto di propriet\u00e0 intellettuale<\/h2>\n<p><!-- \/wp:heading --> <!-- wp:paragraph --><\/p>\n<p>Gli elementi e il contenuto del sito sono di propriet\u00e0 esclusiva della SARL Nivura. In conformit\u00e0 alle leggi che regolamentano i diritti di propriet\u00e0 letteraria e artistica o i diritti connessi, qualsiasi riproduzione, modifica, pubblicazione, adattamento e\/o rappresentazione di tutto o parte degli elementi che compongono questo sito sono strettamente vietate, indipendentemente dal mezzo o dal procedimento utilizzato, salvo autorizzazione scritta preventiva dei loro proprietari. Chiunque commetta un&#8217;exploitation non autorizzata del sito o di uno qualsiasi dei suoi elementi sar\u00e0 perseguito.<\/p>\n<p><!-- \/wp:paragraph --> <!-- wp:heading --><\/p>\n<h2 class=\"wp-block-heading\">Datipersonali<\/h2>\n<p><!-- \/wp:heading --> <!-- wp:paragraph --><\/p>\n<p>L&#8217;utente accetta espressamente che i dati personali forniti volontariamente siano oggetto di trattamento informatico da parte della SARL Nivura. Questi dati saranno conservati per un periodo minimo di 5 anni e massimo di 10 anni. Sono destinate all&#8217;uso esclusivo del proprietario di questo sito. In conformit\u00e0 alle disposizioni della legge monegasca n. 1.165 del 23 dicembre 1993 che regola il trattamento delle informazioni personali, modificata, l&#8217;utente ha il diritto di essere informato, di accedere, di rettificare, di modificare e di cancellare le informazioni che lo riguardano. Pu\u00f2 anche opporsi al trattamento informatico di tali dati. Questi diritti possono essere esercitati direttamente presso la SARL Nivura o mediante posta o e-mail. L&#8217;utente deve prima dimostrare la propria identit\u00e0. Una risposta verr\u00e0 data entro 31 giorni dalla data di ricevimento della lettera o e-mail.<\/p>\n<p>&nbsp;<\/p>\n<p><!-- \/wp:paragraph --> <!-- wp:heading --><\/p>\n<h2 class=\"wp-block-heading\">Collegamenti ipertestuali<\/h2>\n<p><!-- \/wp:heading --> <!-- wp:paragraph --><\/p>\n<p>Questo sito contiene una serie di collegamenti ipertestuali ad altri siti. SARL Nivura fa del suo meglio per verificare il contenuto di detti siti e si impegna a eliminare qualsiasi collegamento stabilito verso un altro sito il cui contenuto sia illecito. Allo stesso modo, l&#8217;utente si impegna a informare SARL Nivura della natura illegale di uno di questi siti, non appena ne viene a conoscenza. I collegamenti ipertestuali stabiliti verso altri siti non possono in alcun modo impegnare la responsabilit\u00e0 di SARL Nivu, in particolare per quanto riguarda il contenuto di questi siti.<\/p>\n<p><!-- \/wp:paragraph --><\/p>\n            <\/div>\n        <\/div>\n    <\/div>\n<\/article>\n\n","protected":false},"excerpt":{"rendered":"","protected":false},"author":2,"featured_media":0,"parent":0,"menu_order":11,"comment_status":"closed","ping_status":"closed","template":"","meta":{"footnotes":""},"class_list":["post-508","page","type-page","status-publish","hentry"],"acf":[],"yoast_head":"<!-- This site is optimized with the Yoast SEO plugin v27.5 - https:\/\/yoast.com\/product\/yoast-seo-wordpress\/ -->\n<title>Menzioni legali - Nivura<\/title>\n<meta name=\"robots\" content=\"index, follow, max-snippet:-1, max-image-preview:large, max-video-preview:-1\" \/>\n<link rel=\"canonical\" href=\"https:\/\/www.nivura.io\/it\/menzioni-legali\/\" \/>\n<meta property=\"og:locale\" content=\"it_IT\" \/>\n<meta property=\"og:type\" content=\"article\" \/>\n<meta property=\"og:title\" content=\"Menzioni legali - Nivura\" \/>\n<meta property=\"og:url\" content=\"https:\/\/www.nivura.io\/it\/menzioni-legali\/\" \/>\n<meta property=\"og:site_name\" content=\"Nivura\" \/>\n<meta property=\"article:modified_time\" content=\"2023-10-03T10:18:15+00:00\" \/>\n<meta name=\"twitter:card\" content=\"summary_large_image\" \/>\n<script type=\"application\/ld+json\" class=\"yoast-schema-graph\">{\"@context\":\"https:\\\/\\\/schema.org\",\"@graph\":[{\"@type\":\"WebPage\",\"@id\":\"https:\\\/\\\/www.nivura.io\\\/it\\\/menzioni-legali\\\/\",\"url\":\"https:\\\/\\\/www.nivura.io\\\/it\\\/menzioni-legali\\\/\",\"name\":\"Menzioni legali - Nivura\",\"isPartOf\":{\"@id\":\"https:\\\/\\\/www.nivura.io\\\/it\\\/#website\"},\"datePublished\":\"2023-09-19T10:10:51+00:00\",\"dateModified\":\"2023-10-03T10:18:15+00:00\",\"breadcrumb\":{\"@id\":\"https:\\\/\\\/www.nivura.io\\\/it\\\/menzioni-legali\\\/#breadcrumb\"},\"inLanguage\":\"it-IT\",\"potentialAction\":[{\"@type\":\"ReadAction\",\"target\":[\"https:\\\/\\\/www.nivura.io\\\/it\\\/menzioni-legali\\\/\"]}]},{\"@type\":\"BreadcrumbList\",\"@id\":\"https:\\\/\\\/www.nivura.io\\\/it\\\/menzioni-legali\\\/#breadcrumb\",\"itemListElement\":[{\"@type\":\"ListItem\",\"position\":1,\"name\":\"Home\",\"item\":\"https:\\\/\\\/www.nivura.io\\\/it\\\/\"},{\"@type\":\"ListItem\",\"position\":2,\"name\":\"Menzioni legali\"}]},{\"@type\":\"WebSite\",\"@id\":\"https:\\\/\\\/www.nivura.io\\\/it\\\/#website\",\"url\":\"https:\\\/\\\/www.nivura.io\\\/it\\\/\",\"name\":\"Nivura\",\"description\":\"Cloud Made Easy\",\"potentialAction\":[{\"@type\":\"SearchAction\",\"target\":{\"@type\":\"EntryPoint\",\"urlTemplate\":\"https:\\\/\\\/www.nivura.io\\\/it\\\/?s={search_term_string}\"},\"query-input\":{\"@type\":\"PropertyValueSpecification\",\"valueRequired\":true,\"valueName\":\"search_term_string\"}}],\"inLanguage\":\"it-IT\"}]}<\/script>\n<!-- \/ Yoast SEO plugin. -->","yoast_head_json":{"title":"Menzioni legali - Nivura","robots":{"index":"index","follow":"follow","max-snippet":"max-snippet:-1","max-image-preview":"max-image-preview:large","max-video-preview":"max-video-preview:-1"},"canonical":"https:\/\/www.nivura.io\/it\/menzioni-legali\/","og_locale":"it_IT","og_type":"article","og_title":"Menzioni legali - Nivura","og_url":"https:\/\/www.nivura.io\/it\/menzioni-legali\/","og_site_name":"Nivura","article_modified_time":"2023-10-03T10:18:15+00:00","twitter_card":"summary_large_image","schema":{"@context":"https:\/\/schema.org","@graph":[{"@type":"WebPage","@id":"https:\/\/www.nivura.io\/it\/menzioni-legali\/","url":"https:\/\/www.nivura.io\/it\/menzioni-legali\/","name":"Menzioni legali - Nivura","isPartOf":{"@id":"https:\/\/www.nivura.io\/it\/#website"},"datePublished":"2023-09-19T10:10:51+00:00","dateModified":"2023-10-03T10:18:15+00:00","breadcrumb":{"@id":"https:\/\/www.nivura.io\/it\/menzioni-legali\/#breadcrumb"},"inLanguage":"it-IT","potentialAction":[{"@type":"ReadAction","target":["https:\/\/www.nivura.io\/it\/menzioni-legali\/"]}]},{"@type":"BreadcrumbList","@id":"https:\/\/www.nivura.io\/it\/menzioni-legali\/#breadcrumb","itemListElement":[{"@type":"ListItem","position":1,"name":"Home","item":"https:\/\/www.nivura.io\/it\/"},{"@type":"ListItem","position":2,"name":"Menzioni legali"}]},{"@type":"WebSite","@id":"https:\/\/www.nivura.io\/it\/#website","url":"https:\/\/www.nivura.io\/it\/","name":"Nivura","description":"Cloud Made Easy","potentialAction":[{"@type":"SearchAction","target":{"@type":"EntryPoint","urlTemplate":"https:\/\/www.nivura.io\/it\/?s={search_term_string}"},"query-input":{"@type":"PropertyValueSpecification","valueRequired":true,"valueName":"search_term_string"}}],"inLanguage":"it-IT"}]}},"_links":{"self":[{"href":"https:\/\/www.nivura.io\/it\/wp-json\/wp\/v2\/pages\/508","targetHints":{"allow":["GET"]}}],"collection":[{"href":"https:\/\/www.nivura.io\/it\/wp-json\/wp\/v2\/pages"}],"about":[{"href":"https:\/\/www.nivura.io\/it\/wp-json\/wp\/v2\/types\/page"}],"author":[{"embeddable":true,"href":"https:\/\/www.nivura.io\/it\/wp-json\/wp\/v2\/users\/2"}],"replies":[{"embeddable":true,"href":"https:\/\/www.nivura.io\/it\/wp-json\/wp\/v2\/comments?post=508"}],"version-history":[{"count":1,"href":"https:\/\/www.nivura.io\/it\/wp-json\/wp\/v2\/pages\/508\/revisions"}],"predecessor-version":[{"id":509,"href":"https:\/\/www.nivura.io\/it\/wp-json\/wp\/v2\/pages\/508\/revisions\/509"}],"wp:attachment":[{"href":"https:\/\/www.nivura.io\/it\/wp-json\/wp\/v2\/media?parent=508"}],"curies":[{"name":"wp","href":"https:\/\/api.w.org\/{rel}","templated":true}]}}